{"id":1404,"date":"2020-05-03T17:09:30","date_gmt":"2020-05-03T15:09:30","guid":{"rendered":"https:\/\/www.meligrana.net\/w\/?page_id=1404"},"modified":"2021-01-17T13:03:54","modified_gmt":"2021-01-17T12:03:54","slug":"cookies","status":"publish","type":"page","link":"https:\/\/www.meligrana.net\/w\/cookies\/","title":{"rendered":"Cookies"},"content":{"rendered":"\n<h3 class=\"wp-block-heading\">Uso de cookies<\/h3>\n\n\n\n<p>Utilizamos cookies para personalizar el contenido, los anuncios publicitarios mostrados as\u00ed como las funciones para compartir en redes sociales. Tambi\u00e9n se utilizan en el an\u00e1lisis del trafico de nuestra web. Adem\u00e1s, compartimos informaci\u00f3n sobre el uso que haga del sitio web con nuestros proveedores de redes sociales, publicidad y an\u00e1lisis web, quienes pueden combinarla con otra informaci\u00f3n que les haya proporcionado o que hayan recopilado a partir del uso que haya hecho de sus servicios.<\/p>\n\n\n\n<h4 class=\"wp-block-heading\">Cookies que utilizamos en meligrana.net<\/h4>\n\n\n\n<ul class=\"wp-block-list\"><li><strong>Cookies estrictamente necesarias<\/strong>&nbsp;para la prestaci\u00f3n de determinados servicios solicitados expresamente por el usuario: si se desactivan estas cookies, no podr\u00e1 recibir correctamente nuestros contenidos y servicios. Utilizamos estas cookies para gestionar el acceso a la zona de usuarios.<\/li><li><strong>Cookies anal\u00edticas<\/strong>. Utilizamos cookies de de este tipo para medir la audiencia de nuestra web. Los datos son an\u00f3nimos y no incluyen ning\u00fan dato que pueda identificar al usuario.<\/li><li><strong>Cookies publicitarias<\/strong>. No utilizamos este tipo de cookies..<\/li><li><strong>Cookies comportamentales<\/strong>. Son las utilizadas para guardar tus preferencias mientras usas el sitio. Si no te registras, no se usar\u00e1n.<\/li><\/ul>\n\n\n\n<h4 class=\"wp-block-heading\">Que datos recopilamos?<\/h4>\n\n\n\n<p>meligrana.net no recoge ning\u00fan dato personal de sus visitantes.<\/p>\n\n\n\n<p>Cuando un usuario contacta con nosotros enviando el formulario, el correo se env\u00eda a trav\u00e9s del protocolo seguro SSL. Los datos contenidos en el mensaje se utilizan exclusivamente para atender la solicitud del usuario. <\/p>\n\n\n\n<h3 class=\"wp-block-heading\">Privacidad de sus datos<\/h3>\n\n\n\n<p>El env\u00edo de datos de car\u00e1cter personal utilizando cualquier medio puesto a disposici\u00f3n a trav\u00e9s del sitio web de meligrana.net supone el consentimiento expreso al tratamiento de dichos datos personales en los t\u00e9rminos que se indican a continuaci\u00f3n.<\/p>\n\n\n\n<h3 class=\"wp-block-heading\">Usuarios del sitio web de meligrana.net<\/h3>\n\n\n\n<p>meligrana.net utiliza cookies para identificar, an\u00f3nimamente, a los usuarios que visitan su web, independientemente de que est\u00e9n registrados o no. Esta informaci\u00f3n se utiliza para proporcionar informaci\u00f3n y servicios personalizados y con fines estad\u00edsticos sobre el acceso y utilizaci\u00f3n del sitio web.<\/p>\n\n\n\n<p>Si quiere, puede impedir el uso de cookies pero gran parte del sitio web dejar\u00e1 de funcionar.<\/p>\n\n\n\n<p>Es posible que se incluyan cookies de otros proveedores de contenido. Desde meligrana.net no podemos controlarlo por lo que no seremos responsables por cualquier actividad de tratamiento llevada a cabo por dichos proveedores con los datos obtenidos por ellos. <\/p>\n\n\n\n<h3 class=\"wp-block-heading\">Usuarios registrados<\/h3>\n\n\n\n<p>En el caso de los usuarios registrados, meligrana.net podr\u00e1 utilizar los datos para enviar comunicaciones comerciales por correo electr\u00f3nico o SMS. El usuario tendr\u00e1 la posibilidad de revocar su consentimiento en cualquier momento.<\/p>\n\n\n\n<p>Los datos podr\u00edan ser tratados por prestadores de servicios distintos de meligrana.net, por ejemplo, empresas de soluciones inform\u00e1ticas, con el \u00fanico fin de garantizar el buen funcionamiento y la seguridad del sitio web de meligrana.net<\/p>\n\n\n\n<p>meligrana.net garantiza que trabaja duro y de buena fe con la intenci\u00f3n de mantener la seguridad y confidencialidad de los datos personales siguiendo la legislaci\u00f3n vigente.<\/p>\n\n\n\n<p>En cualquier momento, puede ejercer su derecho de acceso, cancelaci\u00f3n, rectificaci\u00f3n y oposici\u00f3n al tratamiento de sus datos personales enviando un correo electr\u00f3nico a info@meligrana.net o escribiendo una carta a Calle Gonz\u00e1lez Adalid, 11; 2\u00ba. 30001, Murcia.<\/p>\n\n\n\n<p>En ambos casos, se deben incluir los datos personales, incluyendo una direcci\u00f3n postal de contacto, una fotocopia del DNI o pasaporte as\u00ed como la petici\u00f3n detallada.<\/p>\n\n\n\n<p>Las futuras modificaciones de esta pol\u00edtica de privacidad ser\u00e1n debidamente anunciadas en el sitio web de meligrana.net.<\/p>\n","protected":false},"excerpt":{"rendered":"<p>Uso de cookies Utilizamos cookies para personalizar el contenido, los anuncios publicitarios mostrados as\u00ed como las funciones para compartir en redes sociales. Tambi\u00e9n se utilizan en el an\u00e1lisis del trafico de nuestra web. Adem\u00e1s, compartimos informaci\u00f3n sobre el uso que haga del sitio web con nuestros proveedores de redes sociales, publicidad y an\u00e1lisis web, quienes&hellip;&nbsp;<a href=\"https:\/\/www.meligrana.net\/w\/cookies\/\" rel=\"bookmark\">Leer m\u00e1s &raquo;<span class=\"screen-reader-text\">Cookies<\/span><\/a><\/p>\n","protected":false},"author":1,"featured_media":0,"parent":0,"menu_order":0,"comment_status":"closed","ping_status":"closed","template":"","meta":{"neve_meta_sidebar":"full-width","neve_meta_container":"","neve_meta_enable_content_width":"on","neve_meta_content_width":100,"neve_meta_title_alignment":"","neve_meta_author_avatar":"","neve_post_elements_order":"","neve_meta_disable_header":"","neve_meta_disable_footer":"","neve_meta_disable_title":"","neve_meta_reading_time":"","footnotes":""},"class_list":["post-1404","page","type-page","status-publish","hentry"],"jetpack_sharing_enabled":true,"_links":{"self":[{"href":"https:\/\/www.meligrana.net\/w\/wp-json\/wp\/v2\/pages\/1404","targetHints":{"allow":["GET"]}}],"collection":[{"href":"https:\/\/www.meligrana.net\/w\/wp-json\/wp\/v2\/pages"}],"about":[{"href":"https:\/\/www.meligrana.net\/w\/wp-json\/wp\/v2\/types\/page"}],"author":[{"embeddable":true,"href":"https:\/\/www.meligrana.net\/w\/wp-json\/wp\/v2\/users\/1"}],"replies":[{"embeddable":true,"href":"https:\/\/www.meligrana.net\/w\/wp-json\/wp\/v2\/comments?post=1404"}],"version-history":[{"count":5,"href":"https:\/\/www.meligrana.net\/w\/wp-json\/wp\/v2\/pages\/1404\/revisions"}],"predecessor-version":[{"id":1523,"href":"https:\/\/www.meligrana.net\/w\/wp-json\/wp\/v2\/pages\/1404\/revisions\/1523"}],"wp:attachment":[{"href":"https:\/\/www.meligrana.net\/w\/wp-json\/wp\/v2\/media?parent=1404"}],"curies":[{"name":"wp","href":"https:\/\/api.w.org\/{rel}","templated":true}]}}