{"id":1427,"date":"2020-05-23T17:07:08","date_gmt":"2020-05-23T15:07:08","guid":{"rendered":"https:\/\/www.meligrana.net\/w\/?page_id=1427"},"modified":"2020-05-23T17:23:55","modified_gmt":"2020-05-23T15:23:55","slug":"generar-codigos-qr","status":"publish","type":"page","link":"https:\/\/www.meligrana.net\/w\/generar-codigos-qr\/","title":{"rendered":"Generar c\u00f3digos QR"},"content":{"rendered":"\n<p>Utiliza esta peque\u00f1a herramienta para generar c\u00f3digos QR que podr\u00e1s descargar e imprimir.<\/p>\n\n\n\n<iframe width=\"100%\" height=\"800px\" border=\"0\" src=\"https:\/\/meligrana.net\/qrcode\/\"><\/iframe>\n","protected":false},"excerpt":{"rendered":"<p>Utiliza esta peque\u00f1a herramienta para generar c\u00f3digos QR que podr\u00e1s descargar e imprimir.<\/p>\n","protected":false},"author":1,"featured_media":0,"parent":0,"menu_order":0,"comment_status":"closed","ping_status":"closed","template":"","meta":{"neve_meta_sidebar":"full-width","neve_meta_container":"","neve_meta_enable_content_width":"on","neve_meta_content_width":100,"neve_meta_title_alignment":"","neve_meta_author_avatar":"","neve_post_elements_order":"","neve_meta_disable_header":"","neve_meta_disable_footer":"","neve_meta_disable_title":"","neve_meta_reading_time":"","footnotes":""},"class_list":["post-1427","page","type-page","status-publish","hentry"],"jetpack_sharing_enabled":true,"_links":{"self":[{"href":"https:\/\/www.meligrana.net\/w\/wp-json\/wp\/v2\/pages\/1427","targetHints":{"allow":["GET"]}}],"collection":[{"href":"https:\/\/www.meligrana.net\/w\/wp-json\/wp\/v2\/pages"}],"about":[{"href":"https:\/\/www.meligrana.net\/w\/wp-json\/wp\/v2\/types\/page"}],"author":[{"embeddable":true,"href":"https:\/\/www.meligrana.net\/w\/wp-json\/wp\/v2\/users\/1"}],"replies":[{"embeddable":true,"href":"https:\/\/www.meligrana.net\/w\/wp-json\/wp\/v2\/comments?post=1427"}],"version-history":[{"count":6,"href":"https:\/\/www.meligrana.net\/w\/wp-json\/wp\/v2\/pages\/1427\/revisions"}],"predecessor-version":[{"id":1438,"href":"https:\/\/www.meligrana.net\/w\/wp-json\/wp\/v2\/pages\/1427\/revisions\/1438"}],"wp:attachment":[{"href":"https:\/\/www.meligrana.net\/w\/wp-json\/wp\/v2\/media?parent=1427"}],"curies":[{"name":"wp","href":"https:\/\/api.w.org\/{rel}","templated":true}]}}